{"id":3280,"date":"2020-07-07T15:01:27","date_gmt":"2020-07-07T15:01:27","guid":{"rendered":"https:\/\/dev.genetikascentrs.lv\/cenas\/"},"modified":"2024-12-27T15:15:47","modified_gmt":"2024-12-27T15:15:47","slug":"pricelist","status":"publish","type":"page","link":"https:\/\/dev.genetikascentrs.lv\/en\/pricelist\/","title":{"rendered":"Pricelist"},"content":{"rendered":"[vc_row rsclass=&#8221;clean&#8221; el_id=&#8221;tab-content&#8221; el_class=&#8221;tab-content mt-4&#8243;][vc_column rsclass=&#8221;clean&#8221; el_id=&#8221;tab-A&#8221; el_class=&#8221;tab-pane fade show active&#8221; rsinner=&#8221;table-scroll&#8221;][vc_column_text rsclass=&#8221;clean&#8221; el_class=&#8221;table-wrap&#8221;]\n<table class=\"table table-bordered price-table\" style=\"font-size: 1rem;\">\n<tbody>\n<tr>\n<th class=\"fixed-side\"><a class=\"price-group-title\" data-toggle=\"collapse\" data-target=\"#price-2267-content-1\" aria-expanded=\"true\">Counseling<\/a><\/th>\n<th>Unit<\/th>\n<th>Price<\/th>\n<\/tr>\n<tr>\n<td colspan=\"3\"><em>Genetic Counseling &#8211; only on issues related to reproductive health. There is no counselling for children. Duration of the consultation is 1 hour.<\/em><\/td>\n<\/tr>\n<tr>\n<td class=\"fixed-side\">Genetic Counseling<\/td>\n<td>Visit<\/td>\n<td><strong>155 \u20ac<\/strong><\/td>\n<\/tr>\n<tr>\n<td class=\"fixed-side\">Online\u00a0Genetic Counseling<\/td>\n<td>Online<\/td>\n<td><strong>155 \u20ac<\/strong><\/td>\n<\/tr>\n<tr>\n<td class=\"fixed-side\">Oncologist consultation<\/td>\n<td>Visit<\/td>\n<td><strong>60 \u20ac<\/strong><\/td>\n<\/tr>\n<\/tbody>\n<\/table>\n[\/vc_column_text][vc_column_text rsclass=&#8221;clean&#8221; el_class=&#8221;table-wrap&#8221;]\n<table class=\"table table-bordered price-table\" style=\"font-size: 1rem;\">\n<tbody>\n<tr>\n<th class=\"fixed-side\"><a class=\"price-group-title collapsed\" data-toggle=\"collapse\" data-target=\"#price-2267-content-2\" aria-expanded=\"false\">Preimplantation Genetic Testing (PGS\/PGT-A) of all chromosomes in an embryo<\/a><\/th>\n<th>Unit<\/th>\n<th>Price<\/th>\n<\/tr>\n<tr>\n<td class=\"fixed-side\">1 embryo testing<\/td>\n<td><\/td>\n<td><strong>570 \u20ac<\/strong><\/td>\n<\/tr>\n<tr>\n<td class=\"fixed-side\">Genetic Counseling after PGT-A<\/td>\n<td>Visit<\/td>\n<td><strong>105 \u20ac<\/strong><\/td>\n<\/tr>\n<tr>\n<td class=\"fixed-side\">Online Genetic Counseling after PGT-A<\/td>\n<td>Visit<\/td>\n<td><strong>105 \u20ac<\/strong><\/td>\n<\/tr>\n<\/tbody>\n<\/table>\n[\/vc_column_text][vc_column_text rsclass=&#8221;clean&#8221; el_class=&#8221;table-wrap&#8221;]\n<table class=\"table table-bordered price-table\" style=\"font-size: 1rem; height: 81px;\" width=\"581\">\n<tbody>\n<tr>\n<th class=\"fixed-side\"><a class=\"price-group-title\" data-toggle=\"collapse\" data-target=\"#price-2267-content-3\" aria-expanded=\"true\">Preimplantation Genetic Diagnosis (PGD &#8211; PGT-M)<\/a><\/th>\n<th>Unit<\/th>\n<th>Price<\/th>\n<\/tr>\n<tr>\n<td class=\"fixed-side\">Preimplantation Genetic Diagnosis (PGD &#8211; PGT-M)<\/td>\n<td><\/td>\n<td><strong>5250 \u20ac<\/strong><\/td>\n<\/tr>\n<tr>\n<td class=\"fixed-side\">1 embryo testing (PGT-M)<\/td>\n<td><\/td>\n<td><strong>180 \u20ac<\/strong><\/td>\n<\/tr>\n<tr>\n<td class=\"fixed-side\">PGT-M 1st linkage<\/td>\n<td><\/td>\n<td><strong>1730 \u20ac<\/strong><\/td>\n<\/tr>\n<\/tbody>\n<\/table>\n<div id=\"gtx-trans\" style=\"position: absolute; left: 28px; top: 80px;\">\n<div class=\"gtx-trans-icon\"><\/div>\n<\/div>\n[\/vc_column_text][vc_column_text rsclass=&#8221;clean&#8221; el_class=&#8221;table-wrap&#8221;]\n<table class=\"table table-bordered price-table\" style=\"font-size: 1rem; height: 122px;\" width=\"532\">\n<tbody>\n<tr>\n<th class=\"fixed-side2\"><a class=\"price-group-title\" data-toggle=\"collapse\" data-target=\"#price-2267-content-4\" aria-expanded=\"true\">Genetic analysis<\/a><\/th>\n<th>Unit<\/th>\n<th>Price<\/th>\n<\/tr>\n<tr>\n<td class=\"fixed-side\">Molecular Testing of the AZF region of the Y chromosome<\/td>\n<td><\/td>\n<td><strong>200 \u20ac<\/strong><\/td>\n<\/tr>\n<tr>\n<td class=\"fixed-side\">Molecular Diagnosis of Trombophilia<\/td>\n<td><\/td>\n<td><strong>110\u20ac<\/strong><\/td>\n<\/tr>\n<tr>\n<td class=\"fixed-side\">PAI &#8211; SERPINE1 P4\/P5 test<\/td>\n<td><\/td>\n<td><strong>80 \u20ac<\/strong><\/td>\n<\/tr>\n<tr>\n<td class=\"fixed-side\">Non-invasive determination of fetal Rhesus factor in pregnant woman&#8217;s blood<\/td>\n<td><\/td>\n<td><strong>170 \u20ac<\/strong><\/td>\n<\/tr>\n<tr>\n<td class=\"fixed-side\">Karyotyping<\/td>\n<td><\/td>\n<td><strong>200 \u20ac<\/strong><\/td>\n<\/tr>\n<tr>\n<td class=\"fixed-side\">Genetic testing of missed abortion material<\/td>\n<td><\/td>\n<td><strong>350 \u20ac<\/strong><\/td>\n<\/tr>\n<tr>\n<td class=\"fixed-side\">Genetic testing of missed abortion material from paraffin blocks<\/td>\n<td><\/td>\n<td><strong>400 \u20ac<\/strong><\/td>\n<\/tr>\n<tr>\n<td class=\"fixed-side\">HLA typing<\/td>\n<td><\/td>\n<td><strong>250 \u20ac<\/strong><\/td>\n<\/tr>\n<tr>\n<td class=\"fixed-side\">Testing for the Fragile X chromosome syndrome<\/td>\n<td><\/td>\n<td><strong>285 \u20ac<\/strong><\/td>\n<\/tr>\n<tr>\n<td class=\"fixed-side\">Determination of the two most common CFTR gene mutations that cause cystic fibrosis<\/td>\n<td><\/td>\n<td><strong>85 \u20ac<\/strong><\/td>\n<\/tr>\n<tr>\n<td class=\"fixed-side\">CFTR mutation panel (determination of 68 mutations)<\/td>\n<td><\/td>\n<td><strong>260 \u20ac<\/strong><\/td>\n<\/tr>\n<tr>\n<td class=\"fixed-side\">Genetic testing of Coeliac disease<span style=\"color: #ff0000;\">**<\/span><\/td>\n<td><\/td>\n<td><strong>126 \u20ac<\/strong><\/td>\n<\/tr>\n<tr>\n<td class=\"fixed-side\">Determination of the 4 most common mutations that cause hereditary hemochromatosis<span style=\"color: #ff0000;\">**<\/span><\/td>\n<td><\/td>\n<td><strong>200 \u20ac<\/strong><\/td>\n<\/tr>\n<tr>\n<td class=\"fixed-side\">Determination of Alpha 1-antitrypsin gene mutation<span style=\"color: #ff0000;\">**<\/span><\/td>\n<td><\/td>\n<td><strong>200 \u20ac<\/strong><\/td>\n<\/tr>\n<tr>\n<td class=\"fixed-side\">Lactose intolerance test<span style=\"color: #ff0000;\">**<\/span><\/td>\n<td><\/td>\n<td><strong>200 \u20ac<\/strong><\/td>\n<\/tr>\n<tr>\n<td class=\"fixed-side\">Determination of the resistance against HIV-1 infection<span style=\"color: #ff0000;\">**<\/span><\/td>\n<td><\/td>\n<td><strong>95 \u20ac<\/strong><\/td>\n<\/tr>\n<tr>\n<td class=\"fixed-side\">Testing of the Herpes group viruses<\/td>\n<td><\/td>\n<td><strong>85 \u20ac<\/strong><\/td>\n<\/tr>\n<tr>\n<td class=\"fixed-side\">DNA contamination test<\/td>\n<td><\/td>\n<td><strong>110 \u20ac<\/strong><\/td>\n<\/tr>\n<tr>\n<td class=\"fixed-side\">KIR typing<\/td>\n<td><\/td>\n<td><strong>280 \u20ac<\/strong><\/td>\n<\/tr>\n<tr>\n<td class=\"fixed-side\">Spinal muscular atrophy (SMA) carrier testing with MLPA (1 patient)<span style=\"color: #ff0000;\">**<\/span><\/td>\n<td><\/td>\n<td><strong>285 \u20ac<\/strong><\/td>\n<\/tr>\n<tr>\n<td class=\"fixed-side\">Spinal muscular atrophy (SMA) carrier testing with MLPA (pair)<span style=\"color: #ff0000;\">**<\/span><\/td>\n<td><\/td>\n<td><strong>325 \u20ac<\/strong><\/td>\n<\/tr>\n<tr>\n<td class=\"fixed-side\">Sequencing (1 reaction)<\/td>\n<td><\/td>\n<td><strong>200 \u20ac<\/strong><\/td>\n<\/tr>\n<tr>\n<td class=\"fixed-side\">\u00a0Sequencing &#8211; one sample<\/td>\n<td><\/td>\n<td><strong>30 \u20ac<\/strong><\/td>\n<\/tr>\n<tr>\n<td class=\"fixed-side\">Exome \u2013 Genetic predisposition of embryonic development abnormalities<\/td>\n<td><\/td>\n<td><strong>680 \u20ac<\/strong><\/td>\n<\/tr>\n<tr>\n<td class=\"fixed-side\">Exome \u2013 Reanalysis<\/td>\n<td><\/td>\n<td><strong>160 \u20ac<\/strong><\/td>\n<\/tr>\n<tr>\n<td class=\"fixed-side\">Exome \u2013 Hereditary recessive disease panel<\/td>\n<td><\/td>\n<td><strong>680 \u20ac<\/strong><\/td>\n<\/tr>\n<tr>\n<td class=\"fixed-side\">Exome \u2013 The Early Menopause Panel<\/td>\n<td><\/td>\n<td><strong>680 \u20ac<\/strong><\/td>\n<\/tr>\n<tr>\n<td class=\"fixed-side\">Exome \u2013 Disorders of Spermatogenesis Panel<\/td>\n<td><\/td>\n<td><strong>680 \u20ac<\/strong><\/td>\n<\/tr>\n<tr>\n<td class=\"fixed-side\">Non-invasive prenatal testing (NIPT+)<\/td>\n<td><\/td>\n<td><strong>400 \u20ac<\/strong><\/td>\n<\/tr>\n<tr>\n<td class=\"fixed-side\">Non-invasive prenatal testing (NIPT)<\/td>\n<td><\/td>\n<td><strong>315 \u20ac<\/strong><\/td>\n<\/tr>\n<tr>\n<td class=\"fixed-side\">Molecular testing of the CYP21A2 gene (congenital adrenal hyperplasia)<\/td>\n<td><\/td>\n<td><strong>495 \u20ac<\/strong><\/td>\n<\/tr>\n<\/tbody>\n<\/table>\n<div id=\"gtx-trans\" style=\"position: absolute; left: 561px; top: 117px;\">\n<div class=\"gtx-trans-icon\"><\/div>\n<\/div>\n[\/vc_column_text][vc_column_text rsclass=&#8221;clean&#8221; el_class=&#8221;table-wrap&#8221;]\n<table class=\"table table-bordered price-table\" style=\"font-size: 1rem; height: 122px;\" width=\"532\">\n<tbody>\n<tr>\n<th class=\"fixed-side2\">Viva Genomics DNA tests<\/th>\n<th>Unit<\/th>\n<th>Price<\/th>\n<\/tr>\n<tr>\n<td class=\"fixed-side\">Skin Diagnostic DNA Test<\/td>\n<td><\/td>\n<td><strong>160 \u20ac<\/strong><\/td>\n<\/tr>\n<tr>\n<td class=\"fixed-side\">Metabolism DNA Test<\/td>\n<td><\/td>\n<td><strong>160 \u20ac<\/strong><\/td>\n<\/tr>\n<tr>\n<td class=\"fixed-side\">Vitamins metabolism DNA Test<\/td>\n<td><\/td>\n<td><strong>160 \u20ac<\/strong><\/td>\n<\/tr>\n<tr>\n<td class=\"fixed-side\">Sports achievements DNA test<\/td>\n<td><\/td>\n<td><strong>160 \u20ac<\/strong><\/td>\n<\/tr>\n<tr>\n<td class=\"fixed-side\">Mentality (way of thinking) DNA test<\/td>\n<td><\/td>\n<td><strong>160 \u20ac<\/strong><\/td>\n<\/tr>\n<tr>\n<td class=\"fixed-side\">Viva Genomics DNA tests set<\/td>\n<td><\/td>\n<td><strong>685 \u20ac<\/strong><\/td>\n<\/tr>\n<\/tbody>\n<\/table>\n[\/vc_column_text][vc_column_text rsclass=&#8221;clean&#8221; el_class=&#8221;table-wrap&#8221;]\n<table class=\"table table-bordered price-table\" style=\"font-size: 1rem; height: 122px;\" width=\"532\">\n<tbody>\n<tr>\n<th class=\"fixed-side2\">Oncology<\/th>\n<th>Unit<\/th>\n<th>Price<\/th>\n<\/tr>\n<tr>\n<td class=\"fixed-side\">Oncologist consultation<\/td>\n<td><\/td>\n<td><strong>60 \u20ac<\/strong><\/td>\n<\/tr>\n<tr>\n<td class=\"fixed-side\">Online Genetic Counseling<\/td>\n<td><\/td>\n<td><strong>155 \u20ac<\/strong><\/td>\n<\/tr>\n<tr>\n<td class=\"fixed-side\">Determination of BRCA1 and BRCA2 hereditary mutations<\/td>\n<td><\/td>\n<td><strong>200 \u20ac<\/strong><\/td>\n<\/tr>\n<tr>\n<td class=\"fixed-side\">Exome \u2013 Most common hereditary cancer gene panel: 33 genes<\/td>\n<td><\/td>\n<td><strong>680 \u20ac<\/strong><\/td>\n<\/tr>\n<tr>\n<td class=\"fixed-side\">Determination of large BRCA1\/BRCA2 deletions\/insertions with MLPA<span style=\"color: #ff0000;\">**<\/span><\/td>\n<td><\/td>\n<td><strong>420 \u20ac<\/strong><\/td>\n<\/tr>\n<tr>\n<td class=\"fixed-side\">Hereditary cancer NGS panel (111 genes)<span style=\"color: #ff0000;\">**<\/span><\/td>\n<td><\/td>\n<td><strong>1310 \u20ac<\/strong><\/td>\n<\/tr>\n<tr>\n<td class=\"fixed-side\">Determination of the efficiency of cancer therapy by Real-Time PCR<\/td>\n<td><\/td>\n<td><strong>490 \u20ac<\/strong><\/td>\n<\/tr>\n<tr>\n<td class=\"fixed-side\">Determining the most effective method of targeted therapy for the treatment of oncological diseases Superior Onko<span style=\"color: #ff0000;\">**<\/span><\/td>\n<td><\/td>\n<td><strong>905 \u20ac<\/strong><\/td>\n<\/tr>\n<\/tbody>\n<\/table>\n[\/vc_column_text][\/vc_column][\/vc_row][vc_row][vc_column][vc_column_text css=&#8221;.vc_custom_1721900347161{margin-top: 30px !important;margin-bottom: 70px !important;}&#8221;]<span style=\"color: #ff0000;\"><b><i>**<\/i><\/b><\/span><b><i>tests are performed by prior arrangement<\/i><\/b><\/p>\n<p><em>Genetic tests are carried out for persons over 18 years of age. Exceptions apply only with a referral from a clinical geneticist<\/em>[\/vc_column_text][vc_column_text]\n<p>&nbsp;<\/p>\n[\/vc_column_text][\/vc_column][\/vc_row][vc_row][vc_column][\/vc_column][\/vc_row]\n","protected":false},"excerpt":{"rendered":"<p>[vc_row rsclass=&#8221;clean&#8221; el_id=&#8221;tab-content&#8221; el_class=&#8221;tab-content mt-4&#8243;][vc_column rsclass=&#8221;clean&#8221; el_id=&#8221;tab-A&#8221; el_class=&#8221;tab-pane fade show active&#8221; rsinner=&#8221;table-scroll&#8221;][vc_column_text rsclass=&#8221;clean&#8221; el_class=&#8221;table-wrap&#8221;] Counseling Unit Price Genetic Counseling &#8211; only on issues related to reproductive health. There is no counselling for children. Duration of the consultation is 1 hour. Genetic Counseling Visit 155 \u20ac Online\u00a0Genetic Counseling Online 155 \u20ac Oncologist consultation Visit 60 \u20ac <\/p>\n<div class=\"btn-more-wrapper\"><a href=\"https:\/\/dev.genetikascentrs.lv\/en\/pricelist\/\" class=\"btn btn-sm btn-hover-fill\"><svg class=\"icon icon-right-arrow\" version=\"1.1\" xmlns=\"http:\/\/www.w3.org\/2000\/svg\" width=\"32\" height=\"32\" viewBox=\"0 0 32 32\"><title>right-arrow<\/title><path d=\"M21.548 5.088c-0.436-0.451-1.162-0.451-1.613 0-0.436 0.436-0.436 1.162 0 1.596l8.177 8.177h-26.984c-0.629 0.001-1.129 0.501-1.129 1.13s0.5 1.145 1.129 1.145h26.984l-8.177 8.162c-0.436 0.451-0.436 1.178 0 1.613 0.451 0.451 1.178 0.451 1.613 0l10.113-10.113c0.451-0.436 0.451-1.162 0-1.596l-10.113-10.114z\"><\/path><\/svg>Read More<span class=\"screen-reader-text\"> &#8220;Pricelist&#8221;<\/span><svg class=\"icon icon-right-arrow\" version=\"1.1\" xmlns=\"http:\/\/www.w3.org\/2000\/svg\" width=\"32\" height=\"32\" viewBox=\"0 0 32 32\"><title>right-arrow<\/title><path d=\"M21.548 5.088c-0.436-0.451-1.162-0.451-1.613 0-0.436 0.436-0.436 1.162 0 1.596l8.177 8.177h-26.984c-0.629 0.001-1.129 0.501-1.129 1.13s0.5 1.145 1.129 1.145h26.984l-8.177 8.162c-0.436 0.451-0.436 1.178 0 1.613 0.451 0.451 1.178 0.451 1.613 0l10.113-10.113c0.451-0.436 0.451-1.162 0-1.596l-10.113-10.114z\"><\/path><\/svg><\/a><\/div>\n","protected":false},"author":1,"featured_media":0,"parent":0,"menu_order":3,"comment_status":"closed","ping_status":"closed","template":"custompagett.php","meta":{"footnotes":""},"class_list":["post-3280","page","type-page","status-publish","hentry"],"yoast_head":"<!-- This site is optimized with the Yoast SEO plugin v24.5 - https:\/\/yoast.com\/wordpress\/plugins\/seo\/ -->\n<title>Pricelist, iVF Riga Genetic Centre - iVF Riga \u0123en\u0113tikas centrs<\/title>\n<meta name=\"description\" content=\"Pricelist, iVF Riga Genetic Centre. Accurate and detailed diagnosis is the key to successful treatment, whatever the diagnosis.\" \/>\n<meta name=\"robots\" content=\"index, follow, max-snippet:-1, max-image-preview:large, max-video-preview:-1\" \/>\n<link rel=\"canonical\" href=\"https:\/\/dev.genetikascentrs.lv\/en\/pricelist\/\" \/>\n<meta property=\"og:locale\" content=\"en_US\" \/>\n<meta property=\"og:type\" content=\"article\" \/>\n<meta property=\"og:title\" content=\"Pricelist, iVF Riga Genetic Centre - iVF Riga \u0123en\u0113tikas centrs\" \/>\n<meta property=\"og:description\" content=\"Pricelist, iVF Riga Genetic Centre. Accurate and detailed diagnosis is the key to successful treatment, whatever the diagnosis.\" \/>\n<meta property=\"og:url\" content=\"https:\/\/dev.genetikascentrs.lv\/en\/pricelist\/\" \/>\n<meta property=\"og:site_name\" content=\"iVF Riga \u0123en\u0113tikas centrs\" \/>\n<meta property=\"article:modified_time\" content=\"2024-12-27T15:15:47+00:00\" \/>\n<meta name=\"twitter:card\" content=\"summary_large_image\" \/>\n<meta name=\"twitter:label1\" content=\"Est. reading time\" \/>\n\t<meta name=\"twitter:data1\" content=\"3 minutes\" \/>\n<script type=\"application\/ld+json\" class=\"yoast-schema-graph\">{\"@context\":\"https:\/\/schema.org\",\"@graph\":[{\"@type\":\"WebPage\",\"@id\":\"https:\/\/dev.genetikascentrs.lv\/en\/pricelist\/\",\"url\":\"https:\/\/dev.genetikascentrs.lv\/en\/pricelist\/\",\"name\":\"Pricelist, iVF Riga Genetic Centre - iVF Riga \u0123en\u0113tikas centrs\",\"isPartOf\":{\"@id\":\"https:\/\/dev.genetikascentrs.lv\/en\/#website\"},\"datePublished\":\"2020-07-07T15:01:27+00:00\",\"dateModified\":\"2024-12-27T15:15:47+00:00\",\"description\":\"Pricelist, iVF Riga Genetic Centre. Accurate and detailed diagnosis is the key to successful treatment, whatever the diagnosis.\",\"breadcrumb\":{\"@id\":\"https:\/\/dev.genetikascentrs.lv\/en\/pricelist\/#breadcrumb\"},\"inLanguage\":\"en-US\",\"potentialAction\":[{\"@type\":\"ReadAction\",\"target\":[\"https:\/\/dev.genetikascentrs.lv\/en\/pricelist\/\"]}]},{\"@type\":\"BreadcrumbList\",\"@id\":\"https:\/\/dev.genetikascentrs.lv\/en\/pricelist\/#breadcrumb\",\"itemListElement\":[{\"@type\":\"ListItem\",\"position\":1,\"name\":\"Home\",\"item\":\"https:\/\/dev.genetikascentrs.lv\/en\/\"},{\"@type\":\"ListItem\",\"position\":2,\"name\":\"Pricelist\"}]},{\"@type\":\"WebSite\",\"@id\":\"https:\/\/dev.genetikascentrs.lv\/en\/#website\",\"url\":\"https:\/\/dev.genetikascentrs.lv\/en\/\",\"name\":\"iVF Riga \u0123en\u0113tikas centrs\",\"description\":\"\u0122en\u0113tikas centrs\",\"publisher\":{\"@id\":\"https:\/\/dev.genetikascentrs.lv\/en\/#organization\"},\"potentialAction\":[{\"@type\":\"SearchAction\",\"target\":{\"@type\":\"EntryPoint\",\"urlTemplate\":\"https:\/\/dev.genetikascentrs.lv\/en\/?s={search_term_string}\"},\"query-input\":{\"@type\":\"PropertyValueSpecification\",\"valueRequired\":true,\"valueName\":\"search_term_string\"}}],\"inLanguage\":\"en-US\"},{\"@type\":\"Organization\",\"@id\":\"https:\/\/dev.genetikascentrs.lv\/en\/#organization\",\"name\":\"iVF Riga \u0123en\u0113tikas centrs\",\"url\":\"https:\/\/dev.genetikascentrs.lv\/en\/\",\"logo\":{\"@type\":\"ImageObject\",\"inLanguage\":\"en-US\",\"@id\":\"https:\/\/dev.genetikascentrs.lv\/en\/#\/schema\/logo\/image\/\",\"url\":\"https:\/\/dev.genetikascentrs.lv\/wp-content\/uploads\/2021\/02\/cropped-iVF-Genetikas-logo.png\",\"contentUrl\":\"https:\/\/dev.genetikascentrs.lv\/wp-content\/uploads\/2021\/02\/cropped-iVF-Genetikas-logo.png\",\"width\":861,\"height\":250,\"caption\":\"iVF Riga \u0123en\u0113tikas centrs\"},\"image\":{\"@id\":\"https:\/\/dev.genetikascentrs.lv\/en\/#\/schema\/logo\/image\/\"}}]}<\/script>\n<!-- \/ Yoast SEO plugin. -->","yoast_head_json":{"title":"Pricelist, iVF Riga Genetic Centre - iVF Riga \u0123en\u0113tikas centrs","description":"Pricelist, iVF Riga Genetic Centre. Accurate and detailed diagnosis is the key to successful treatment, whatever the diagnosis.","robots":{"index":"index","follow":"follow","max-snippet":"max-snippet:-1","max-image-preview":"max-image-preview:large","max-video-preview":"max-video-preview:-1"},"canonical":"https:\/\/dev.genetikascentrs.lv\/en\/pricelist\/","og_locale":"en_US","og_type":"article","og_title":"Pricelist, iVF Riga Genetic Centre - iVF Riga \u0123en\u0113tikas centrs","og_description":"Pricelist, iVF Riga Genetic Centre. Accurate and detailed diagnosis is the key to successful treatment, whatever the diagnosis.","og_url":"https:\/\/dev.genetikascentrs.lv\/en\/pricelist\/","og_site_name":"iVF Riga \u0123en\u0113tikas centrs","article_modified_time":"2024-12-27T15:15:47+00:00","twitter_card":"summary_large_image","twitter_misc":{"Est. reading time":"3 minutes"},"schema":{"@context":"https:\/\/schema.org","@graph":[{"@type":"WebPage","@id":"https:\/\/dev.genetikascentrs.lv\/en\/pricelist\/","url":"https:\/\/dev.genetikascentrs.lv\/en\/pricelist\/","name":"Pricelist, iVF Riga Genetic Centre - iVF Riga \u0123en\u0113tikas centrs","isPartOf":{"@id":"https:\/\/dev.genetikascentrs.lv\/en\/#website"},"datePublished":"2020-07-07T15:01:27+00:00","dateModified":"2024-12-27T15:15:47+00:00","description":"Pricelist, iVF Riga Genetic Centre. Accurate and detailed diagnosis is the key to successful treatment, whatever the diagnosis.","breadcrumb":{"@id":"https:\/\/dev.genetikascentrs.lv\/en\/pricelist\/#breadcrumb"},"inLanguage":"en-US","potentialAction":[{"@type":"ReadAction","target":["https:\/\/dev.genetikascentrs.lv\/en\/pricelist\/"]}]},{"@type":"BreadcrumbList","@id":"https:\/\/dev.genetikascentrs.lv\/en\/pricelist\/#breadcrumb","itemListElement":[{"@type":"ListItem","position":1,"name":"Home","item":"https:\/\/dev.genetikascentrs.lv\/en\/"},{"@type":"ListItem","position":2,"name":"Pricelist"}]},{"@type":"WebSite","@id":"https:\/\/dev.genetikascentrs.lv\/en\/#website","url":"https:\/\/dev.genetikascentrs.lv\/en\/","name":"iVF Riga \u0123en\u0113tikas centrs","description":"\u0122en\u0113tikas centrs","publisher":{"@id":"https:\/\/dev.genetikascentrs.lv\/en\/#organization"},"potentialAction":[{"@type":"SearchAction","target":{"@type":"EntryPoint","urlTemplate":"https:\/\/dev.genetikascentrs.lv\/en\/?s={search_term_string}"},"query-input":{"@type":"PropertyValueSpecification","valueRequired":true,"valueName":"search_term_string"}}],"inLanguage":"en-US"},{"@type":"Organization","@id":"https:\/\/dev.genetikascentrs.lv\/en\/#organization","name":"iVF Riga \u0123en\u0113tikas centrs","url":"https:\/\/dev.genetikascentrs.lv\/en\/","logo":{"@type":"ImageObject","inLanguage":"en-US","@id":"https:\/\/dev.genetikascentrs.lv\/en\/#\/schema\/logo\/image\/","url":"https:\/\/dev.genetikascentrs.lv\/wp-content\/uploads\/2021\/02\/cropped-iVF-Genetikas-logo.png","contentUrl":"https:\/\/dev.genetikascentrs.lv\/wp-content\/uploads\/2021\/02\/cropped-iVF-Genetikas-logo.png","width":861,"height":250,"caption":"iVF Riga \u0123en\u0113tikas centrs"},"image":{"@id":"https:\/\/dev.genetikascentrs.lv\/en\/#\/schema\/logo\/image\/"}}]}},"_links":{"self":[{"href":"https:\/\/dev.genetikascentrs.lv\/en\/wp-json\/wp\/v2\/pages\/3280","targetHints":{"allow":["GET"]}}],"collection":[{"href":"https:\/\/dev.genetikascentrs.lv\/en\/wp-json\/wp\/v2\/pages"}],"about":[{"href":"https:\/\/dev.genetikascentrs.lv\/en\/wp-json\/wp\/v2\/types\/page"}],"author":[{"embeddable":true,"href":"https:\/\/dev.genetikascentrs.lv\/en\/wp-json\/wp\/v2\/users\/1"}],"replies":[{"embeddable":true,"href":"https:\/\/dev.genetikascentrs.lv\/en\/wp-json\/wp\/v2\/comments?post=3280"}],"version-history":[{"count":60,"href":"https:\/\/dev.genetikascentrs.lv\/en\/wp-json\/wp\/v2\/pages\/3280\/revisions"}],"predecessor-version":[{"id":6074,"href":"https:\/\/dev.genetikascentrs.lv\/en\/wp-json\/wp\/v2\/pages\/3280\/revisions\/6074"}],"wp:attachment":[{"href":"https:\/\/dev.genetikascentrs.lv\/en\/wp-json\/wp\/v2\/media?parent=3280"}],"curies":[{"name":"wp","href":"https:\/\/api.w.org\/{rel}","templated":true}]}}